{"id":99,"date":"2026-01-07T00:15:41","date_gmt":"2026-01-07T00:15:41","guid":{"rendered":"https:\/\/terapiranders.dk\/?page_id=99"},"modified":"2026-01-07T00:16:12","modified_gmt":"2026-01-07T00:16:12","slug":"psykoterapi","status":"publish","type":"page","link":"https:\/\/terapiranders.dk\/index.php\/psykoterapi\/","title":{"rendered":"Psykoterapi"},"content":{"rendered":"\t\t<div data-elementor-type=\"wp-page\" data-elementor-id=\"99\" class=\"elementor elementor-99\" data-elementor-post-type=\"page\">\n\t\t\t\t<div class=\"elementor-element elementor-element-7a1db375 e-flex e-con-boxed e-con e-parent\" data-id=\"7a1db375\" data-element_type=\"container\" data-e-type=\"container\" data-settings=\"{&quot;background_background&quot;:&quot;gradient&quot;}\">\n\t\t\t\t\t<div class=\"e-con-inner\">\n\t\t\t\t<div class=\"elementor-element elementor-element-21bfdd00 elementor-widget elementor-widget-heading\" data-id=\"21bfdd00\" data-element_type=\"widget\" data-e-type=\"widget\" data-widget_type=\"heading.default\">\n\t\t\t\t\t<span class=\"elementor-heading-title elementor-size-default\">Individuel terapi<\/span>\t\t\t\t<\/div>\n\t\t\t\t<div class=\"elementor-element elementor-element-198e39d elementor-widget elementor-widget-heading\" data-id=\"198e39d\" data-element_type=\"widget\" data-e-type=\"widget\" data-widget_type=\"heading.default\">\n\t\t\t\t\t<h1 class=\"elementor-heading-title elementor-size-default\">Psykoterapi<\/h1>\t\t\t\t<\/div>\n\t\t\t\t<div class=\"elementor-element elementor-element-7295d151 elementor-widget elementor-widget-text-editor\" data-id=\"7295d151\" data-element_type=\"widget\" data-e-type=\"widget\" data-widget_type=\"text-editor.default\">\n\t\t\t\t\t\t\t\t\t<p style=\"text-align: center;\">De fleste af os g\u00e5r med fornemmelsen af, at vi ikke f\u00e5r udnyttet alt vores potentiale. At der findes en bedre version af os selv, der kan v\u00e6re med til at skabe en bedre tilv\u00e6relse.<\/p>\t\t\t\t\t\t\t\t<\/div>\n\t\t\t\t\t<\/div>\n\t\t\t\t<\/div>\n\t\t<div class=\"elementor-element elementor-element-449a2664 e-flex e-con-boxed e-con e-parent\" data-id=\"449a2664\" data-element_type=\"container\" data-e-type=\"container\" data-settings=\"{&quot;background_background&quot;:&quot;classic&quot;}\">\n\t\t\t\t\t<div class=\"e-con-inner\">\n\t\t\t\t<div class=\"elementor-element elementor-element-6ffd4829 elementor-widget elementor-widget-text-editor\" data-id=\"6ffd4829\" data-element_type=\"widget\" data-e-type=\"widget\" data-widget_type=\"text-editor.default\">\n\t\t\t\t\t\t\t\t\t<p>I psykoterapi arbejder vi dels med at f\u00e5 \u00f8je p\u00e5 de adf\u00e6rds- og tankem\u00f8nstre, der begr\u00e6nser dig. Og dels arbejder vi med dine forventninger til \u2013 og m\u00e5l med \u2013 livet.<\/p><p>Oplever du symptomer som stress, angst eller depression, tager vores arbejde udgangspunkt i at lindre symptomer, inden vi arbejder med mere langsigtede m\u00e5l.<\/p>\t\t\t\t\t\t\t\t<\/div>\n\t\t\t\t\t<\/div>\n\t\t\t\t<\/div>\n\t\t<div class=\"elementor-element elementor-element-16716230 e-flex e-con-boxed e-con e-parent\" data-id=\"16716230\" data-element_type=\"container\" data-e-type=\"container\" data-settings=\"{&quot;background_background&quot;:&quot;classic&quot;}\">\n\t\t\t\t\t<div class=\"e-con-inner\">\n\t\t<div class=\"elementor-element elementor-element-43c779d3 e-con-full e-flex e-con e-child\" data-id=\"43c779d3\" data-element_type=\"container\" data-e-type=\"container\">\n\t\t\t\t<div class=\"elementor-element elementor-element-609d45a3 elementor-widget elementor-widget-heading\" data-id=\"609d45a3\" data-element_type=\"widget\" data-e-type=\"widget\" data-widget_type=\"heading.default\">\n\t\t\t\t\t<span class=\"elementor-heading-title elementor-size-default\">Min tilgang<\/span>\t\t\t\t<\/div>\n\t\t\t\t<div class=\"elementor-element elementor-element-21351c54 elementor-widget elementor-widget-heading\" data-id=\"21351c54\" data-element_type=\"widget\" data-e-type=\"widget\" data-widget_type=\"heading.default\">\n\t\t\t\t\t<h2 class=\"elementor-heading-title elementor-size-default\">Mit udgangspunkt <i>som terapeut<\/i><\/h2>\t\t\t\t<\/div>\n\t\t\t\t<div class=\"elementor-element elementor-element-6475a270 elementor-widget elementor-widget-text-editor\" data-id=\"6475a270\" data-element_type=\"widget\" data-e-type=\"widget\" data-widget_type=\"text-editor.default\">\n\t\t\t\t\t\t\t\t\t<p>Udgangspunktet for mit arbejde er <strong>medf\u00f8lelse og omsorg<\/strong>, og hj\u00e6lp til selvhj\u00e6lp.<\/p><p>I vores arbejde sammen f\u00e5r du plads til at v\u00e6re dig og et rum til at udforske de dynamikker, der p\u00e5virker dit liv.<\/p><p>Viden, indsigt og forst\u00e5else er vigtige, men forandringer kommer, n\u00e5r vi handler.<\/p><p>F\u00e6lles for de metoder og teknikker jeg er tr\u00e6net i og benytter, er at de kan \u00f8ge dine handlemuligheder. At de kan blive til dine redskaber fremover.<\/p>\t\t\t\t\t\t\t\t<\/div>\n\t\t\t\t<\/div>\n\t\t<div class=\"elementor-element elementor-element-24f5eead e-con-full e-flex e-con e-child\" data-id=\"24f5eead\" data-element_type=\"container\" data-e-type=\"container\" data-settings=\"{&quot;background_background&quot;:&quot;classic&quot;}\">\n\t\t\t\t<div class=\"elementor-element elementor-element-137a328b elementor-widget elementor-widget-heading\" data-id=\"137a328b\" data-element_type=\"widget\" data-e-type=\"widget\" data-widget_type=\"heading.default\">\n\t\t\t\t\t<h3 class=\"elementor-heading-title elementor-size-default\">Metoder jeg arbejder med<\/h3>\t\t\t\t<\/div>\n\t\t\t\t<div class=\"elementor-element elementor-element-1189e2d2 elementor-widget elementor-widget-text-editor\" data-id=\"1189e2d2\" data-element_type=\"widget\" data-e-type=\"widget\" data-widget_type=\"text-editor.default\">\n\t\t\t\t\t\t\t\t\t<p>\u25ce Kognitiv Adf\u00e6rdsterapi<\/p><p>\u25ce Compassion Fokuseret Terapi (CFT)<\/p><p>\u25ce Acceptance &#038; Commitment Therapy (ACT)<\/p><p>\u25ce Metakognitiv Terapi<\/p><p>\u25ce Mindfulness Based Cognitive Therapy<\/p>\t\t\t\t\t\t\t\t<\/div>\n\t\t\t\t<\/div>\n\t\t\t\t\t<\/div>\n\t\t\t\t<\/div>\n\t\t<div class=\"elementor-element elementor-element-7fefc96d e-flex e-con-boxed e-con e-parent\" data-id=\"7fefc96d\" data-element_type=\"container\" data-e-type=\"container\" data-settings=\"{&quot;background_background&quot;:&quot;classic&quot;}\">\n\t\t\t\t\t<div class=\"e-con-inner\">\n\t\t<div class=\"elementor-element elementor-element-3719fbe5 e-con-full e-flex e-con e-child\" data-id=\"3719fbe5\" data-element_type=\"container\" data-e-type=\"container\">\n\t\t\t\t<div class=\"elementor-element elementor-element-2230a8a3 elementor-widget elementor-widget-image\" data-id=\"2230a8a3\" data-element_type=\"widget\" data-e-type=\"widget\" data-widget_type=\"image.default\">\n\t\t\t\t\t\t\t\t\t\t\t\t\t\t\t<img fetchpriority=\"high\" decoding=\"async\" width=\"1200\" height=\"800\" src=\"https:\/\/terapiranders.dk\/wp-content\/uploads\/2026\/01\/placeholder-1.png\" class=\"attachment-full size-full wp-image-77\" alt=\"\" srcset=\"https:\/\/terapiranders.dk\/wp-content\/uploads\/2026\/01\/placeholder-1.png 1200w, https:\/\/terapiranders.dk\/wp-content\/uploads\/2026\/01\/placeholder-1-300x200.png 300w, https:\/\/terapiranders.dk\/wp-content\/uploads\/2026\/01\/placeholder-1-1024x683.png 1024w, https:\/\/terapiranders.dk\/wp-content\/uploads\/2026\/01\/placeholder-1-768x512.png 768w\" sizes=\"(max-width: 1200px) 100vw, 1200px\" \/>\t\t\t\t\t\t\t\t\t\t\t\t\t\t\t<\/div>\n\t\t\t\t<\/div>\n\t\t<div class=\"elementor-element elementor-element-1f4ab4b4 e-con-full e-flex e-con e-child\" data-id=\"1f4ab4b4\" data-element_type=\"container\" data-e-type=\"container\">\n\t\t\t\t<div class=\"elementor-element elementor-element-667604d8 elementor-widget elementor-widget-heading\" data-id=\"667604d8\" data-element_type=\"widget\" data-e-type=\"widget\" data-widget_type=\"heading.default\">\n\t\t\t\t\t<span class=\"elementor-heading-title elementor-size-default\">S\u00e6rligt fokus<\/span>\t\t\t\t<\/div>\n\t\t\t\t<div class=\"elementor-element elementor-element-1e7366d0 elementor-widget elementor-widget-heading\" data-id=\"1e7366d0\" data-element_type=\"widget\" data-e-type=\"widget\" data-widget_type=\"heading.default\">\n\t\t\t\t\t<h2 class=\"elementor-heading-title elementor-size-default\">M\u00e6nd <i>i terapi<\/i><\/h2>\t\t\t\t<\/div>\n\t\t\t\t<div class=\"elementor-element elementor-element-55b605c elementor-widget elementor-widget-text-editor\" data-id=\"55b605c\" data-element_type=\"widget\" data-e-type=\"widget\" data-widget_type=\"text-editor.default\">\n\t\t\t\t\t\t\t\t\t<p>M\u00e6nd har historisk set ikke brugt psykoterapi ret meget. Det er heldigvis ved at \u00e6ndre sig.<\/p><p>For m\u00e6nd har ogs\u00e5 brug for nogen at tale med. Nogen at dr\u00f8fte deres liv med.<\/p><p>Men mange af os har ikke den type venskaber, hvor man er tryg ved at tale om sig selv og de udfordringer, bekymringer og problemer, der naturligt opst\u00e5r i hverdagen.<\/p><p>I forl\u00f8b med m\u00e6nd er sproget og dilemmaerne ofte anderledes end hos kvinder, selvom vi oplever mange af de samme problematikker.<\/p>\t\t\t\t\t\t\t\t<\/div>\n\t\t\t\t<\/div>\n\t\t\t\t\t<\/div>\n\t\t\t\t<\/div>\n\t\t<div class=\"elementor-element elementor-element-3afa5a44 e-flex e-con-boxed e-con e-parent\" data-id=\"3afa5a44\" data-element_type=\"container\" data-e-type=\"container\" data-settings=\"{&quot;background_background&quot;:&quot;gradient&quot;}\">\n\t\t\t\t\t<div class=\"e-con-inner\">\n\t\t\t\t<div class=\"elementor-element elementor-element-1c05fca9 elementor-widget elementor-widget-heading\" data-id=\"1c05fca9\" data-element_type=\"widget\" data-e-type=\"widget\" data-widget_type=\"heading.default\">\n\t\t\t\t\t<h2 class=\"elementor-heading-title elementor-size-default\">Klar til at tage det f\u00f8rste skridt?<\/h2>\t\t\t\t<\/div>\n\t\t\t\t<div class=\"elementor-element elementor-element-49b76ff0 elementor-widget elementor-widget-text-editor\" data-id=\"49b76ff0\" data-element_type=\"widget\" data-e-type=\"widget\" data-widget_type=\"text-editor.default\">\n\t\t\t\t\t\t\t\t\t<p style=\"text-align: center;\">Ring eller skriv for at h\u00f8re mere om, hvordan jeg kan hj\u00e6lpe dig.<\/p>\t\t\t\t\t\t\t\t<\/div>\n\t\t<div class=\"elementor-element elementor-element-5cccb30b e-con-full e-flex e-con e-child\" data-id=\"5cccb30b\" data-element_type=\"container\" data-e-type=\"container\">\n\t\t\t\t<div class=\"elementor-element elementor-element-1c46e955 elementor-widget elementor-widget-button\" data-id=\"1c46e955\" data-element_type=\"widget\" data-e-type=\"widget\" data-widget_type=\"button.default\">\n\t\t\t\t\t\t\t\t\t\t<a class=\"elementor-button elementor-button-link elementor-size-sm\" href=\"tel:60773093\">\n\t\t\t\t\t\t<span class=\"elementor-button-content-wrapper\">\n\t\t\t\t\t\t\t\t\t<span class=\"elementor-button-text\">Ring 60 77 30 93<\/span>\n\t\t\t\t\t<\/span>\n\t\t\t\t\t<\/a>\n\t\t\t\t\t\t\t\t<\/div>\n\t\t\t\t<div class=\"elementor-element elementor-element-6e88707 elementor-button-outline elementor-widget elementor-widget-button\" data-id=\"6e88707\" data-element_type=\"widget\" data-e-type=\"widget\" data-widget_type=\"button.default\">\n\t\t\t\t\t\t\t\t\t\t<a class=\"elementor-button elementor-button-link elementor-size-sm\" href=\"mailto:nicolasndk@protonmail.com\">\n\t\t\t\t\t\t<span class=\"elementor-button-content-wrapper\">\n\t\t\t\t\t\t\t\t\t<span class=\"elementor-button-text\">Skriv en mail<\/span>\n\t\t\t\t\t<\/span>\n\t\t\t\t\t<\/a>\n\t\t\t\t\t\t\t\t<\/div>\n\t\t\t\t<\/div>\n\t\t\t\t\t<\/div>\n\t\t\t\t<\/div>\n\t\t\t\t<\/div>\n\t\t","protected":false},"excerpt":{"rendered":"<p>Individuel terapi Psykoterapi De fleste af os g\u00e5r med fornemmelsen af, at vi ikke f\u00e5r udnyttet alt vores potentiale. At der findes en bedre version af os selv, der kan v\u00e6re med til at skabe en bedre tilv\u00e6relse. I psykoterapi arbejder vi dels med at f\u00e5 \u00f8je p\u00e5 de adf\u00e6rds- og tankem\u00f8nstre, der begr\u00e6nser dig. [&hellip;]<\/p>\n","protected":false},"author":1,"featured_media":0,"parent":0,"menu_order":0,"comment_status":"closed","ping_status":"closed","template":"","meta":{"footnotes":""},"class_list":["post-99","page","type-page","status-publish","hentry"],"_links":{"self":[{"href":"https:\/\/terapiranders.dk\/index.php\/wp-json\/wp\/v2\/pages\/99","targetHints":{"allow":["GET"]}}],"collection":[{"href":"https:\/\/terapiranders.dk\/index.php\/wp-json\/wp\/v2\/pages"}],"about":[{"href":"https:\/\/terapiranders.dk\/index.php\/wp-json\/wp\/v2\/types\/page"}],"author":[{"embeddable":true,"href":"https:\/\/terapiranders.dk\/index.php\/wp-json\/wp\/v2\/users\/1"}],"replies":[{"embeddable":true,"href":"https:\/\/terapiranders.dk\/index.php\/wp-json\/wp\/v2\/comments?post=99"}],"version-history":[{"count":4,"href":"https:\/\/terapiranders.dk\/index.php\/wp-json\/wp\/v2\/pages\/99\/revisions"}],"predecessor-version":[{"id":103,"href":"https:\/\/terapiranders.dk\/index.php\/wp-json\/wp\/v2\/pages\/99\/revisions\/103"}],"wp:attachment":[{"href":"https:\/\/terapiranders.dk\/index.php\/wp-json\/wp\/v2\/media?parent=99"}],"curies":[{"name":"wp","href":"https:\/\/api.w.org\/{rel}","templated":true}]}}