{"id":93,"date":"2026-01-07T00:13:50","date_gmt":"2026-01-07T00:13:50","guid":{"rendered":"https:\/\/terapiranders.dk\/?page_id=93"},"modified":"2026-01-07T00:15:31","modified_gmt":"2026-01-07T00:15:31","slug":"parterapi","status":"publish","type":"page","link":"https:\/\/terapiranders.dk\/index.php\/parterapi\/","title":{"rendered":"Parterapi"},"content":{"rendered":"\t\t<div data-elementor-type=\"wp-page\" data-elementor-id=\"93\" class=\"elementor elementor-93\" data-elementor-post-type=\"page\">\n\t\t\t\t<div class=\"elementor-element elementor-element-526c6767 e-flex e-con-boxed e-con e-parent\" data-id=\"526c6767\" data-element_type=\"container\" data-e-type=\"container\" data-settings=\"{&quot;background_background&quot;:&quot;gradient&quot;}\">\n\t\t\t\t\t<div class=\"e-con-inner\">\n\t\t\t\t<div class=\"elementor-element elementor-element-727a4d50 elementor-widget elementor-widget-heading\" data-id=\"727a4d50\" data-element_type=\"widget\" data-e-type=\"widget\" data-widget_type=\"heading.default\">\n\t\t\t\t\t<span class=\"elementor-heading-title elementor-size-default\">For jer begge<\/span>\t\t\t\t<\/div>\n\t\t\t\t<div class=\"elementor-element elementor-element-f7d05e4 elementor-widget elementor-widget-heading\" data-id=\"f7d05e4\" data-element_type=\"widget\" data-e-type=\"widget\" data-widget_type=\"heading.default\">\n\t\t\t\t\t<h1 class=\"elementor-heading-title elementor-size-default\">Parterapi<\/h1>\t\t\t\t<\/div>\n\t\t\t\t<div class=\"elementor-element elementor-element-6d3096ee elementor-widget elementor-widget-text-editor\" data-id=\"6d3096ee\" data-element_type=\"widget\" data-e-type=\"widget\" data-widget_type=\"text-editor.default\">\n\t\t\t\t\t\t\t\t\t<p style=\"text-align: center;\">De fleste af os \u00f8nsker os et langt, stabilt parforhold baseret p\u00e5 gensidig tillid og respekt \u2013 fyldt med varme, gl\u00e6de, sp\u00e6nding og god sex. Og de fleste af os bliver skuffede over de parforhold, vi s\u00e5 havner i.<\/p>\t\t\t\t\t\t\t\t<\/div>\n\t\t\t\t\t<\/div>\n\t\t\t\t<\/div>\n\t\t<div class=\"elementor-element elementor-element-604404d1 e-flex e-con-boxed e-con e-parent\" data-id=\"604404d1\" data-element_type=\"container\" data-e-type=\"container\" data-settings=\"{&quot;background_background&quot;:&quot;classic&quot;}\">\n\t\t\t\t\t<div class=\"e-con-inner\">\n\t\t<div class=\"elementor-element elementor-element-6e43f085 e-con-full e-flex e-con e-child\" data-id=\"6e43f085\" data-element_type=\"container\" data-e-type=\"container\">\n\t\t\t\t<div class=\"elementor-element elementor-element-69188ae4 elementor-widget elementor-widget-heading\" data-id=\"69188ae4\" data-element_type=\"widget\" data-e-type=\"widget\" data-widget_type=\"heading.default\">\n\t\t\t\t\t<span class=\"elementor-heading-title elementor-size-default\">Udfordringen<\/span>\t\t\t\t<\/div>\n\t\t\t\t<div class=\"elementor-element elementor-element-52c09a53 elementor-widget elementor-widget-heading\" data-id=\"52c09a53\" data-element_type=\"widget\" data-e-type=\"widget\" data-widget_type=\"heading.default\">\n\t\t\t\t\t<h2 class=\"elementor-heading-title elementor-size-default\">Parforholdets <i>paradoks<\/i><\/h2>\t\t\t\t<\/div>\n\t\t\t\t<div class=\"elementor-element elementor-element-1c120da8 elementor-widget elementor-widget-text-editor\" data-id=\"1c120da8\" data-element_type=\"widget\" data-e-type=\"widget\" data-widget_type=\"text-editor.default\">\n\t\t\t\t\t\t\t\t\t<p>Vi havner i forhold fyldt med praktiske opgaver og sk\u00e6nderier om \u00f8konomi, sex og b\u00f8rneopdragelse.<\/p><p>De fleste af vores problemer i parforholdet skyldes dog s\u00e6rligt vores indbyrdes <strong>kommunikation<\/strong> om disse emner. De fleste par er nemlig ikke tr\u00e6net i at kommunikere om og forhandle inden for disse meget komplicerede emner.<\/p><p>Parterapi best\u00e5r ofte i at styrke parrets indbyrdes kommunikation, s\u00e5 I bedre kan forst\u00e5 hinanden og n\u00e5 hinanden f\u00f8lelsesm\u00e6ssigt.<\/p>\t\t\t\t\t\t\t\t<\/div>\n\t\t\t\t<\/div>\n\t\t<div class=\"elementor-element elementor-element-40dbf622 e-con-full e-flex e-con e-child\" data-id=\"40dbf622\" data-element_type=\"container\" data-e-type=\"container\">\n\t\t\t\t<div class=\"elementor-element elementor-element-73a461a7 elementor-widget elementor-widget-image\" data-id=\"73a461a7\" data-element_type=\"widget\" data-e-type=\"widget\" data-widget_type=\"image.default\">\n\t\t\t\t\t\t\t\t\t\t\t\t\t\t\t<img fetchpriority=\"high\" decoding=\"async\" width=\"1200\" height=\"800\" src=\"https:\/\/terapiranders.dk\/wp-content\/uploads\/2026\/01\/placeholder.png\" class=\"attachment-full size-full wp-image-72\" alt=\"\" srcset=\"https:\/\/terapiranders.dk\/wp-content\/uploads\/2026\/01\/placeholder.png 1200w, https:\/\/terapiranders.dk\/wp-content\/uploads\/2026\/01\/placeholder-300x200.png 300w, https:\/\/terapiranders.dk\/wp-content\/uploads\/2026\/01\/placeholder-1024x683.png 1024w, https:\/\/terapiranders.dk\/wp-content\/uploads\/2026\/01\/placeholder-768x512.png 768w\" sizes=\"(max-width: 1200px) 100vw, 1200px\" \/>\t\t\t\t\t\t\t\t\t\t\t\t\t\t\t<\/div>\n\t\t\t\t<\/div>\n\t\t\t\t\t<\/div>\n\t\t\t\t<\/div>\n\t\t<div class=\"elementor-element elementor-element-41276f44 e-flex e-con-boxed e-con e-parent\" data-id=\"41276f44\" data-element_type=\"container\" data-e-type=\"container\" data-settings=\"{&quot;background_background&quot;:&quot;classic&quot;}\">\n\t\t\t\t\t<div class=\"e-con-inner\">\n\t\t\t\t<div class=\"elementor-element elementor-element-3a934149 elementor-widget elementor-widget-heading\" data-id=\"3a934149\" data-element_type=\"widget\" data-e-type=\"widget\" data-widget_type=\"heading.default\">\n\t\t\t\t\t<span class=\"elementor-heading-title elementor-size-default\">En vigtig erkendelse<\/span>\t\t\t\t<\/div>\n\t\t\t\t<div class=\"elementor-element elementor-element-7ee63d7c elementor-widget elementor-widget-heading\" data-id=\"7ee63d7c\" data-element_type=\"widget\" data-e-type=\"widget\" data-widget_type=\"heading.default\">\n\t\t\t\t\t<h2 class=\"elementor-heading-title elementor-size-default\">Urealistiske <i>forventninger<\/i><\/h2>\t\t\t\t<\/div>\n\t\t\t\t<div class=\"elementor-element elementor-element-3904f50b elementor-widget elementor-widget-text-editor\" data-id=\"3904f50b\" data-element_type=\"widget\" data-e-type=\"widget\" data-widget_type=\"text-editor.default\">\n\t\t\t\t\t\t\t\t\t<p style=\"text-align: center;\">Parforhold bliver desuden udfordret af de forventninger, som vi bringer med os ind i parforholdet.<\/p><p style=\"text-align: center;\">Det er dels forventninger til, hvad den anden kan og vil \u2013 og dels urealistiske forventninger til, hvad der f\u00e5r et parforhold til at fungere.<\/p><p style=\"text-align: center;\">I parterapi arbejder vi med at afd\u00e6kke og justere disse forventninger, s\u00e5 I kan m\u00f8de hinanden der, hvor I faktisk er.<\/p>\t\t\t\t\t\t\t\t<\/div>\n\t\t\t\t\t<\/div>\n\t\t\t\t<\/div>\n\t\t<div class=\"elementor-element elementor-element-281186a2 e-flex e-con-boxed e-con e-parent\" data-id=\"281186a2\" data-element_type=\"container\" data-e-type=\"container\" data-settings=\"{&quot;background_background&quot;:&quot;gradient&quot;}\">\n\t\t\t\t\t<div class=\"e-con-inner\">\n\t\t\t\t<div class=\"elementor-element elementor-element-4576bfd5 elementor-widget elementor-widget-heading\" data-id=\"4576bfd5\" data-element_type=\"widget\" data-e-type=\"widget\" data-widget_type=\"heading.default\">\n\t\t\t\t\t<h2 class=\"elementor-heading-title elementor-size-default\">Klar til at styrke jeres forhold?<\/h2>\t\t\t\t<\/div>\n\t\t\t\t<div class=\"elementor-element elementor-element-78b8d001 elementor-widget elementor-widget-text-editor\" data-id=\"78b8d001\" data-element_type=\"widget\" data-e-type=\"widget\" data-widget_type=\"text-editor.default\">\n\t\t\t\t\t\t\t\t\t<p style=\"text-align: center;\">Tag det f\u00f8rste skridt sammen. Ring eller skriv for at booke en tid.<\/p>\t\t\t\t\t\t\t\t<\/div>\n\t\t\t\t<div class=\"elementor-element elementor-element-6054cdae elementor-widget elementor-widget-button\" data-id=\"6054cdae\" data-element_type=\"widget\" data-e-type=\"widget\" data-widget_type=\"button.default\">\n\t\t\t\t\t\t\t\t\t\t<a class=\"elementor-button elementor-button-link elementor-size-sm\" href=\"tel:60773093\">\n\t\t\t\t\t\t<span class=\"elementor-button-content-wrapper\">\n\t\t\t\t\t\t\t\t\t<span class=\"elementor-button-text\">Ring 60 77 30 93<\/span>\n\t\t\t\t\t<\/span>\n\t\t\t\t\t<\/a>\n\t\t\t\t\t\t\t\t<\/div>\n\t\t\t\t\t<\/div>\n\t\t\t\t<\/div>\n\t\t\t\t<\/div>\n\t\t","protected":false},"excerpt":{"rendered":"<p>For jer begge Parterapi De fleste af os \u00f8nsker os et langt, stabilt parforhold baseret p\u00e5 gensidig tillid og respekt \u2013 fyldt med varme, gl\u00e6de, sp\u00e6nding og god sex. Og de fleste af os bliver skuffede over de parforhold, vi s\u00e5 havner i. Udfordringen Parforholdets paradoks Vi havner i forhold fyldt med praktiske opgaver og [&hellip;]<\/p>\n","protected":false},"author":1,"featured_media":0,"parent":0,"menu_order":0,"comment_status":"closed","ping_status":"closed","template":"","meta":{"footnotes":""},"class_list":["post-93","page","type-page","status-publish","hentry"],"_links":{"self":[{"href":"https:\/\/terapiranders.dk\/index.php\/wp-json\/wp\/v2\/pages\/93","targetHints":{"allow":["GET"]}}],"collection":[{"href":"https:\/\/terapiranders.dk\/index.php\/wp-json\/wp\/v2\/pages"}],"about":[{"href":"https:\/\/terapiranders.dk\/index.php\/wp-json\/wp\/v2\/types\/page"}],"author":[{"embeddable":true,"href":"https:\/\/terapiranders.dk\/index.php\/wp-json\/wp\/v2\/users\/1"}],"replies":[{"embeddable":true,"href":"https:\/\/terapiranders.dk\/index.php\/wp-json\/wp\/v2\/comments?post=93"}],"version-history":[{"count":4,"href":"https:\/\/terapiranders.dk\/index.php\/wp-json\/wp\/v2\/pages\/93\/revisions"}],"predecessor-version":[{"id":98,"href":"https:\/\/terapiranders.dk\/index.php\/wp-json\/wp\/v2\/pages\/93\/revisions\/98"}],"wp:attachment":[{"href":"https:\/\/terapiranders.dk\/index.php\/wp-json\/wp\/v2\/media?parent=93"}],"curies":[{"name":"wp","href":"https:\/\/api.w.org\/{rel}","templated":true}]}}