{"id":88,"date":"2026-01-07T00:11:35","date_gmt":"2026-01-07T00:11:35","guid":{"rendered":"https:\/\/terapiranders.dk\/?page_id=88"},"modified":"2026-04-08T07:45:14","modified_gmt":"2026-04-08T05:45:14","slug":"praktisk","status":"publish","type":"page","link":"https:\/\/terapiranders.dk\/index.php\/praktisk\/","title":{"rendered":"Praktisk"},"content":{"rendered":"\t\t<div data-elementor-type=\"wp-page\" data-elementor-id=\"88\" class=\"elementor elementor-88\" data-elementor-post-type=\"page\">\n\t\t\t\t<div class=\"elementor-element elementor-element-e78a3c9 e-flex e-con-boxed e-con e-parent\" data-id=\"e78a3c9\" data-element_type=\"container\" data-e-type=\"container\" data-settings=\"{&quot;background_background&quot;:&quot;gradient&quot;}\">\n\t\t\t\t\t<div class=\"e-con-inner\">\n\t\t\t\t<div class=\"elementor-element elementor-element-77d792d1 elementor-widget elementor-widget-heading\" data-id=\"77d792d1\" data-element_type=\"widget\" data-e-type=\"widget\" data-widget_type=\"heading.default\">\n\t\t\t\t\t<span class=\"elementor-heading-title elementor-size-default\">Information<\/span>\t\t\t\t<\/div>\n\t\t\t\t<div class=\"elementor-element elementor-element-10c75a9f elementor-widget elementor-widget-heading\" data-id=\"10c75a9f\" data-element_type=\"widget\" data-e-type=\"widget\" data-widget_type=\"heading.default\">\n\t\t\t\t\t<h1 class=\"elementor-heading-title elementor-size-default\">Praktisk<\/h1>\t\t\t\t<\/div>\n\t\t\t\t<div class=\"elementor-element elementor-element-259ecbd3 elementor-widget elementor-widget-text-editor\" data-id=\"259ecbd3\" data-element_type=\"widget\" data-e-type=\"widget\" data-widget_type=\"text-editor.default\">\n\t\t\t\t\t\t\t\t\t<p style=\"text-align: center;\">Her finder du information om priser, betaling og praktiske forhold.<\/p>\t\t\t\t\t\t\t\t<\/div>\n\t\t\t\t\t<\/div>\n\t\t\t\t<\/div>\n\t\t<div class=\"elementor-element elementor-element-71fcb8a1 e-flex e-con-boxed e-con e-parent\" data-id=\"71fcb8a1\" data-element_type=\"container\" data-e-type=\"container\" data-settings=\"{&quot;background_background&quot;:&quot;classic&quot;}\">\n\t\t\t\t\t<div class=\"e-con-inner\">\n\t\t<div class=\"elementor-element elementor-element-13aeb09f e-con-full e-flex e-con e-child\" data-id=\"13aeb09f\" data-element_type=\"container\" data-e-type=\"container\">\n\t\t\t\t<div class=\"elementor-element elementor-element-7341d631 elementor-widget elementor-widget-heading\" data-id=\"7341d631\" data-element_type=\"widget\" data-e-type=\"widget\" data-widget_type=\"heading.default\">\n\t\t\t\t\t<span class=\"elementor-heading-title elementor-size-default\">Pr. 1\/10 2024<\/span>\t\t\t\t<\/div>\n\t\t\t\t<div class=\"elementor-element elementor-element-4c6fb4ec elementor-widget elementor-widget-heading\" data-id=\"4c6fb4ec\" data-element_type=\"widget\" data-e-type=\"widget\" data-widget_type=\"heading.default\">\n\t\t\t\t\t<h2 class=\"elementor-heading-title elementor-size-default\">Takster<\/h2>\t\t\t\t<\/div>\n\t\t\t\t<\/div>\n\t\t<div class=\"elementor-element elementor-element-4ed379c7 e-con-full e-flex e-con e-child\" data-id=\"4ed379c7\" data-element_type=\"container\" data-e-type=\"container\">\n\t\t<div class=\"elementor-element elementor-element-2135fbdf e-con-full e-flex e-con e-child\" data-id=\"2135fbdf\" data-element_type=\"container\" data-e-type=\"container\" data-settings=\"{&quot;background_background&quot;:&quot;classic&quot;}\">\n\t\t\t\t<div class=\"elementor-element elementor-element-7b1db0a7 elementor-widget elementor-widget-heading\" data-id=\"7b1db0a7\" data-element_type=\"widget\" data-e-type=\"widget\" data-widget_type=\"heading.default\">\n\t\t\t\t\t<h3 class=\"elementor-heading-title elementor-size-default\">Individuel<\/h3>\t\t\t\t<\/div>\n\t\t\t\t<div class=\"elementor-element elementor-element-43e0a0a9 elementor-widget elementor-widget-heading\" data-id=\"43e0a0a9\" data-element_type=\"widget\" data-e-type=\"widget\" data-widget_type=\"heading.default\">\n\t\t\t\t\t<p class=\"elementor-heading-title elementor-size-default\">1.000 kr.<\/p>\t\t\t\t<\/div>\n\t\t\t\t<div class=\"elementor-element elementor-element-18e5d65c elementor-widget elementor-widget-text-editor\" data-id=\"18e5d65c\" data-element_type=\"widget\" data-e-type=\"widget\" data-widget_type=\"text-editor.default\">\n\t\t\t\t\t\t\t\t\t<p style=\"text-align: center;\">Ca. 45-50 minutter<\/p>\t\t\t\t\t\t\t\t<\/div>\n\t\t\t\t<\/div>\n\t\t<div class=\"elementor-element elementor-element-7f3191ae e-con-full e-flex e-con e-child\" data-id=\"7f3191ae\" data-element_type=\"container\" data-e-type=\"container\" data-settings=\"{&quot;background_background&quot;:&quot;classic&quot;}\">\n\t\t\t\t<div class=\"elementor-element elementor-element-73659e74 elementor-widget elementor-widget-heading\" data-id=\"73659e74\" data-element_type=\"widget\" data-e-type=\"widget\" data-widget_type=\"heading.default\">\n\t\t\t\t\t<h3 class=\"elementor-heading-title elementor-size-default\">Par<\/h3>\t\t\t\t<\/div>\n\t\t\t\t<div class=\"elementor-element elementor-element-aadada6 elementor-widget elementor-widget-heading\" data-id=\"aadada6\" data-element_type=\"widget\" data-e-type=\"widget\" data-widget_type=\"heading.default\">\n\t\t\t\t\t<p class=\"elementor-heading-title elementor-size-default\">1.500 kr.<\/p>\t\t\t\t<\/div>\n\t\t\t\t<div class=\"elementor-element elementor-element-351e4f7e elementor-widget elementor-widget-text-editor\" data-id=\"351e4f7e\" data-element_type=\"widget\" data-e-type=\"widget\" data-widget_type=\"text-editor.default\">\n\t\t\t\t\t\t\t\t\t<p style=\"text-align: center;\">Ca. 90 minutter<\/p>\t\t\t\t\t\t\t\t<\/div>\n\t\t\t\t<\/div>\n\t\t<div class=\"elementor-element elementor-element-5912e1b8 e-con-full e-flex e-con e-child\" data-id=\"5912e1b8\" data-element_type=\"container\" data-e-type=\"container\" data-settings=\"{&quot;background_background&quot;:&quot;classic&quot;}\">\n\t\t\t\t<div class=\"elementor-element elementor-element-1aa996e1 elementor-widget elementor-widget-heading\" data-id=\"1aa996e1\" data-element_type=\"widget\" data-e-type=\"widget\" data-widget_type=\"heading.default\">\n\t\t\t\t\t<h3 class=\"elementor-heading-title elementor-size-default\">Med henvisning<\/h3>\t\t\t\t<\/div>\n\t\t\t\t<div class=\"elementor-element elementor-element-22629bfb elementor-widget elementor-widget-heading\" data-id=\"22629bfb\" data-element_type=\"widget\" data-e-type=\"widget\" data-widget_type=\"heading.default\">\n\t\t\t\t\t<p class=\"elementor-heading-title elementor-size-default\">482,06kr.<\/p>\t\t\t\t<\/div>\n\t\t\t\t<div class=\"elementor-element elementor-element-2bf84906 elementor-widget elementor-widget-text-editor\" data-id=\"2bf84906\" data-element_type=\"widget\" data-e-type=\"widget\" data-widget_type=\"text-editor.default\">\n\t\t\t\t\t\t\t\t\t<p style=\"text-align: center;\">1. konsultation<\/p><p style=\"text-align: center;\">Herefter 401,97 kr.<\/p>\t\t\t\t\t\t\t\t<\/div>\n\t\t\t\t<\/div>\n\t\t\t\t<\/div>\n\t\t\t\t\t<\/div>\n\t\t\t\t<\/div>\n\t\t<div class=\"elementor-element elementor-element-55f33b90 e-flex e-con-boxed e-con e-parent\" data-id=\"55f33b90\" data-element_type=\"container\" data-e-type=\"container\" data-settings=\"{&quot;background_background&quot;:&quot;classic&quot;}\">\n\t\t\t\t\t<div class=\"e-con-inner\">\n\t\t<div class=\"elementor-element elementor-element-774815ae e-con-full e-flex e-con e-child\" data-id=\"774815ae\" data-element_type=\"container\" data-e-type=\"container\">\n\t\t\t\t<div class=\"elementor-element elementor-element-71405bb2 elementor-widget elementor-widget-heading\" data-id=\"71405bb2\" data-element_type=\"widget\" data-e-type=\"widget\" data-widget_type=\"heading.default\">\n\t\t\t\t\t<h3 class=\"elementor-heading-title elementor-size-default\">Betaling<\/h3>\t\t\t\t<\/div>\n\t\t\t\t<div class=\"elementor-element elementor-element-7d6bd9d2 elementor-widget elementor-widget-text-editor\" data-id=\"7d6bd9d2\" data-element_type=\"widget\" data-e-type=\"widget\" data-widget_type=\"text-editor.default\">\n\t\t\t\t\t\t\t\t\t<p>Betaling foretages via bankoverf\u00f8rsel dagen inden samtalen.<\/p><p><strong>Kontonr.:<\/strong> 3409 10413648<br>Skriv fornavn og dato (d\/m)<\/p><p>Alternativt kan MobilePay benyttes.<br><strong>MobilePay:<\/strong> 12791<\/p><p><em>Jeg foretr\u00e6kker bankoverf\u00f8rsler, da disse er gebyrfrie for mig.<\/em><\/p>\t\t\t\t\t\t\t\t<\/div>\n\t\t\t\t<\/div>\n\t\t<div class=\"elementor-element elementor-element-69c2defd e-con-full e-flex e-con e-child\" data-id=\"69c2defd\" data-element_type=\"container\" data-e-type=\"container\">\n\t\t\t\t<div class=\"elementor-element elementor-element-1d007939 elementor-widget elementor-widget-heading\" data-id=\"1d007939\" data-element_type=\"widget\" data-e-type=\"widget\" data-widget_type=\"heading.default\">\n\t\t\t\t\t<h3 class=\"elementor-heading-title elementor-size-default\">Afbud<\/h3>\t\t\t\t<\/div>\n\t\t\t\t<div class=\"elementor-element elementor-element-1943a082 elementor-widget elementor-widget-text-editor\" data-id=\"1943a082\" data-element_type=\"widget\" data-e-type=\"widget\" data-widget_type=\"text-editor.default\">\n\t\t\t\t\t\t\t\t\t<p>Ved afbud mindre end <strong>24 timer<\/strong> f\u00f8r det aftalte tidspunkt, opkr\u00e6ves et gebyr p\u00e5 <strong>400 kr.<\/strong><\/p>\t\t\t\t\t\t\t\t<\/div>\n\t\t\t\t<\/div>\n\t\t\t\t\t<\/div>\n\t\t\t\t<\/div>\n\t\t<div class=\"elementor-element elementor-element-1c19cd02 e-flex e-con-boxed e-con e-parent\" data-id=\"1c19cd02\" data-element_type=\"container\" data-e-type=\"container\" data-settings=\"{&quot;background_background&quot;:&quot;classic&quot;}\">\n\t\t\t\t\t<div class=\"e-con-inner\">\n\t\t\t\t<div class=\"elementor-element elementor-element-2a9fa36f elementor-widget elementor-widget-heading\" data-id=\"2a9fa36f\" data-element_type=\"widget\" data-e-type=\"widget\" data-widget_type=\"heading.default\">\n\t\t\t\t\t<h2 class=\"elementor-heading-title elementor-size-default\">Tilskud &amp; <i>s\u00e6rlige ordninger<\/i><\/h2>\t\t\t\t<\/div>\n\t\t<div class=\"elementor-element elementor-element-4c62837b e-con-full e-flex e-con e-child\" data-id=\"4c62837b\" data-element_type=\"container\" data-e-type=\"container\" data-settings=\"{&quot;background_background&quot;:&quot;classic&quot;}\">\n\t\t\t\t<div class=\"elementor-element elementor-element-7d4ca36d elementor-widget elementor-widget-heading\" data-id=\"7d4ca36d\" data-element_type=\"widget\" data-e-type=\"widget\" data-widget_type=\"heading.default\">\n\t\t\t\t\t<h4 class=\"elementor-heading-title elementor-size-default\">Unge 18-24 \u00e5r<\/h4>\t\t\t\t<\/div>\n\t\t\t\t<div class=\"elementor-element elementor-element-7561d89b elementor-widget elementor-widget-text-editor\" data-id=\"7561d89b\" data-element_type=\"widget\" data-e-type=\"widget\" data-widget_type=\"text-editor.default\">\n\t\t\t\t\t\t\t\t\t<p>For unge mellem 18 og 24 \u00e5r henvist med angst eller depression er samtalerne <strong>gratis<\/strong>. Ved for sent afbud opkr\u00e6ves dog 400 kr.<\/p>\t\t\t\t\t\t\t\t<\/div>\n\t\t\t\t<\/div>\n\t\t<div class=\"elementor-element elementor-element-44d756dd e-con-full e-flex e-con e-child\" data-id=\"44d756dd\" data-element_type=\"container\" data-e-type=\"container\" data-settings=\"{&quot;background_background&quot;:&quot;classic&quot;}\">\n\t\t\t\t<div class=\"elementor-element elementor-element-52aa70eb elementor-widget elementor-widget-heading\" data-id=\"52aa70eb\" data-element_type=\"widget\" data-e-type=\"widget\" data-widget_type=\"heading.default\">\n\t\t\t\t\t<h4 class=\"elementor-heading-title elementor-size-default\">Sygeforsikringen \"danmark\"<\/h4>\t\t\t\t<\/div>\n\t\t\t\t<div class=\"elementor-element elementor-element-31539503 elementor-widget elementor-widget-text-editor\" data-id=\"31539503\" data-element_type=\"widget\" data-e-type=\"widget\" data-widget_type=\"text-editor.default\">\n\t\t\t\t\t\t\t\t\t<p>Hvis du er aktivt medlem af &#8220;danmark&#8221;, kan du modtage \u00f8konomisk st\u00f8tte derfra.<\/p>\t\t\t\t\t\t\t\t<\/div>\n\t\t\t\t<\/div>\n\t\t\t\t\t<\/div>\n\t\t\t\t<\/div>\n\t\t\t\t<\/div>\n\t\t","protected":false},"excerpt":{"rendered":"<p>Information Praktisk Her finder du information om priser, betaling og praktiske forhold. Pr. 1\/10 2024 Takster Individuel 1.000 kr. Ca. 45-50 minutter Par 1.500 kr. Ca. 90 minutter Med henvisning 482,06kr. 1. konsultation Herefter 401,97 kr. Betaling Betaling foretages via bankoverf\u00f8rsel dagen inden samtalen. Kontonr.: 3409 10413648Skriv fornavn og dato (d\/m) Alternativt kan MobilePay benyttes.MobilePay: [&hellip;]<\/p>\n","protected":false},"author":1,"featured_media":0,"parent":0,"menu_order":0,"comment_status":"closed","ping_status":"closed","template":"","meta":{"footnotes":""},"class_list":["post-88","page","type-page","status-publish","hentry"],"_links":{"self":[{"href":"https:\/\/terapiranders.dk\/index.php\/wp-json\/wp\/v2\/pages\/88","targetHints":{"allow":["GET"]}}],"collection":[{"href":"https:\/\/terapiranders.dk\/index.php\/wp-json\/wp\/v2\/pages"}],"about":[{"href":"https:\/\/terapiranders.dk\/index.php\/wp-json\/wp\/v2\/types\/page"}],"author":[{"embeddable":true,"href":"https:\/\/terapiranders.dk\/index.php\/wp-json\/wp\/v2\/users\/1"}],"replies":[{"embeddable":true,"href":"https:\/\/terapiranders.dk\/index.php\/wp-json\/wp\/v2\/comments?post=88"}],"version-history":[{"count":10,"href":"https:\/\/terapiranders.dk\/index.php\/wp-json\/wp\/v2\/pages\/88\/revisions"}],"predecessor-version":[{"id":226,"href":"https:\/\/terapiranders.dk\/index.php\/wp-json\/wp\/v2\/pages\/88\/revisions\/226"}],"wp:attachment":[{"href":"https:\/\/terapiranders.dk\/index.php\/wp-json\/wp\/v2\/media?parent=88"}],"curies":[{"name":"wp","href":"https:\/\/api.w.org\/{rel}","templated":true}]}}