{"id":60,"date":"2026-01-06T23:17:10","date_gmt":"2026-01-06T23:17:10","guid":{"rendered":"https:\/\/terapiranders.dk\/?page_id=60"},"modified":"2026-02-06T04:37:27","modified_gmt":"2026-02-06T03:37:27","slug":"forside","status":"publish","type":"page","link":"https:\/\/terapiranders.dk\/","title":{"rendered":"Forside"},"content":{"rendered":"\t\t<div data-elementor-type=\"wp-page\" data-elementor-id=\"60\" class=\"elementor elementor-60\" data-elementor-post-type=\"page\">\n\t\t\t\t<div class=\"elementor-element elementor-element-2c372791 e-flex e-con-boxed e-con e-parent\" data-id=\"2c372791\" data-element_type=\"container\" data-e-type=\"container\" data-settings=\"{&quot;background_background&quot;:&quot;gradient&quot;}\">\n\t\t\t\t\t<div class=\"e-con-inner\">\n\t\t<div class=\"elementor-element elementor-element-5065d64e e-con-full e-flex e-con e-child\" data-id=\"5065d64e\" data-element_type=\"container\" data-e-type=\"container\">\n\t\t\t\t<div class=\"elementor-element elementor-element-4701c12f elementor-widget elementor-widget-heading\" data-id=\"4701c12f\" data-element_type=\"widget\" data-e-type=\"widget\" data-widget_type=\"heading.default\">\n\t\t\t\t\t<span class=\"elementor-heading-title elementor-size-default\">Psykolog i Randers<\/span>\t\t\t\t<\/div>\n\t\t\t\t<div class=\"elementor-element elementor-element-640877c4 elementor-widget elementor-widget-heading\" data-id=\"640877c4\" data-element_type=\"widget\" data-e-type=\"widget\" data-widget_type=\"heading.default\">\n\t\t\t\t\t<h1 class=\"elementor-heading-title elementor-size-default\">Et trygt rum til<br><i>refleksion og forandring<\/i><\/h1>\t\t\t\t<\/div>\n\t\t\t\t<div class=\"elementor-element elementor-element-31723956 elementor-widget elementor-widget-text-editor\" data-id=\"31723956\" data-element_type=\"widget\" data-e-type=\"widget\" data-widget_type=\"text-editor.default\">\n\t\t\t\t\t\t\t\t\t<p>Indimellem sl\u00e5r livet en kolb\u00f8tte, og vi st\u00e5r over for forandringer, som vi ikke ved hvordan vi skal gribe an. Jeg tilbyder et fortroligt rum, hvor vi sammen kan finde den vej fremad, som passer til dig.<\/p>\t\t\t\t\t\t\t\t<\/div>\n\t\t<div class=\"elementor-element elementor-element-ecf8a8c e-con-full e-flex e-con e-child\" data-id=\"ecf8a8c\" data-element_type=\"container\" data-e-type=\"container\">\n\t\t\t\t<div class=\"elementor-element elementor-element-3d5f46b elementor-widget elementor-widget-button\" data-id=\"3d5f46b\" data-element_type=\"widget\" data-e-type=\"widget\" data-widget_type=\"button.default\">\n\t\t\t\t\t\t\t\t\t\t<a class=\"elementor-button elementor-button-link elementor-size-sm elementor-animation-buzz-out\" href=\"tel:+4560%2077%2030%2093\">\n\t\t\t\t\t\t<span class=\"elementor-button-content-wrapper\">\n\t\t\t\t\t\t\t\t\t<span class=\"elementor-button-text\">Ring 60 77 30 93<\/span>\n\t\t\t\t\t<\/span>\n\t\t\t\t\t<\/a>\n\t\t\t\t\t\t\t\t<\/div>\n\t\t\t\t<div class=\"elementor-element elementor-element-7a88a73 elementor-widget elementor-widget-button\" data-id=\"7a88a73\" data-element_type=\"widget\" data-e-type=\"widget\" data-widget_type=\"button.default\">\n\t\t\t\t\t\t\t\t\t\t<a class=\"elementor-button elementor-button-link elementor-size-sm elementor-animation-buzz-out\" href=\"mailto:nicolasndk@protonmail.com\">\n\t\t\t\t\t\t<span class=\"elementor-button-content-wrapper\">\n\t\t\t\t\t\t\t\t\t<span class=\"elementor-button-text\">Skriv en e-mail<\/span>\n\t\t\t\t\t<\/span>\n\t\t\t\t\t<\/a>\n\t\t\t\t\t\t\t\t<\/div>\n\t\t\t\t<\/div>\n\t\t\t\t<\/div>\n\t\t<div class=\"elementor-element elementor-element-1d1ec646 e-con-full e-flex e-con e-child\" data-id=\"1d1ec646\" data-element_type=\"container\" data-e-type=\"container\">\n\t\t\t\t<div class=\"elementor-element elementor-element-5da988ad elementor-widget elementor-widget-image\" data-id=\"5da988ad\" data-element_type=\"widget\" data-e-type=\"widget\" data-widget_type=\"image.default\">\n\t\t\t\t\t\t\t\t\t\t\t\t\t\t\t<img fetchpriority=\"high\" decoding=\"async\" width=\"240\" height=\"284\" src=\"https:\/\/terapiranders.dk\/wp-content\/uploads\/2026\/01\/Psykolog_Nicolas_Hauge_Nielsen.jpg\" class=\"attachment-full size-full wp-image-13\" alt=\"\" \/>\t\t\t\t\t\t\t\t\t\t\t\t\t\t\t<\/div>\n\t\t<div class=\"elementor-element elementor-element-574d8b1a e-con-full e-flex e-con e-child\" data-id=\"574d8b1a\" data-element_type=\"container\" data-e-type=\"container\" data-settings=\"{&quot;background_background&quot;:&quot;classic&quot;}\">\n\t\t\t\t<div class=\"elementor-element elementor-element-5ea0a9ce elementor-widget elementor-widget-heading\" data-id=\"5ea0a9ce\" data-element_type=\"widget\" data-e-type=\"widget\" data-widget_type=\"heading.default\">\n\t\t\t\t\t<h3 class=\"elementor-heading-title elementor-size-default\">Nicolas Hauge Nielsen<\/h3>\t\t\t\t<\/div>\n\t\t\t\t<div class=\"elementor-element elementor-element-9cd9d45 elementor-widget elementor-widget-heading\" data-id=\"9cd9d45\" data-element_type=\"widget\" data-e-type=\"widget\" data-widget_type=\"heading.default\">\n\t\t\t\t\t<p class=\"elementor-heading-title elementor-size-default\">Autoriseret psykolog<\/p>\t\t\t\t<\/div>\n\t\t\t\t<div class=\"elementor-element elementor-element-1e2b5a08 elementor-widget elementor-widget-heading\" data-id=\"1e2b5a08\" data-element_type=\"widget\" data-e-type=\"widget\" data-widget_type=\"heading.default\">\n\t\t\t\t\t<p class=\"elementor-heading-title elementor-size-default\">\u25ce Br\u00f8dregade 2,2 \u00b7 Randers C<\/p>\t\t\t\t<\/div>\n\t\t\t\t<\/div>\n\t\t\t\t<\/div>\n\t\t\t\t\t<\/div>\n\t\t\t\t<\/div>\n\t\t<div class=\"elementor-element elementor-element-f0ba4ad e-flex e-con-boxed e-con e-parent\" data-id=\"f0ba4ad\" data-element_type=\"container\" data-e-type=\"container\" data-settings=\"{&quot;background_background&quot;:&quot;classic&quot;}\">\n\t\t\t\t\t<div class=\"e-con-inner\">\n\t\t<div class=\"elementor-element elementor-element-10bebfd1 e-con-full e-flex e-con e-child\" data-id=\"10bebfd1\" data-element_type=\"container\" data-e-type=\"container\">\n\t\t\t\t<div class=\"elementor-element elementor-element-6e52bb1c elementor-widget elementor-widget-heading\" data-id=\"6e52bb1c\" data-element_type=\"widget\" data-e-type=\"widget\" data-widget_type=\"heading.default\">\n\t\t\t\t\t<span class=\"elementor-heading-title elementor-size-default\">Hvad jeg kan hj\u00e6lpe med<\/span>\t\t\t\t<\/div>\n\t\t\t\t<div class=\"elementor-element elementor-element-215c9692 elementor-widget elementor-widget-heading\" data-id=\"215c9692\" data-element_type=\"widget\" data-e-type=\"widget\" data-widget_type=\"heading.default\">\n\t\t\t\t\t<h2 class=\"elementor-heading-title elementor-size-default\">Omr\u00e5der jeg arbejder med<\/h2>\t\t\t\t<\/div>\n\t\t\t\t<\/div>\n\t\t<div class=\"elementor-element elementor-element-4e8e99af e-con-full e-flex e-con e-child\" data-id=\"4e8e99af\" data-element_type=\"container\" data-e-type=\"container\">\n\t\t<div class=\"elementor-element elementor-element-3789d97d e-con-full service-card e-flex e-con e-child\" data-id=\"3789d97d\" data-element_type=\"container\" data-e-type=\"container\" data-settings=\"{&quot;background_background&quot;:&quot;classic&quot;}\">\n\t\t\t\t<div class=\"elementor-element elementor-element-29204d00 elementor-widget elementor-widget-heading\" data-id=\"29204d00\" data-element_type=\"widget\" data-e-type=\"widget\" data-widget_type=\"heading.default\">\n\t\t\t\t\t<span class=\"elementor-heading-title elementor-size-default\">\u25c8<\/span>\t\t\t\t<\/div>\n\t\t\t\t<div class=\"elementor-element elementor-element-32ac92b3 elementor-widget elementor-widget-heading\" data-id=\"32ac92b3\" data-element_type=\"widget\" data-e-type=\"widget\" data-widget_type=\"heading.default\">\n\t\t\t\t\t<h3 class=\"elementor-heading-title elementor-size-default\">Livskriser<\/h3>\t\t\t\t<\/div>\n\t\t\t\t<div class=\"elementor-element elementor-element-59b44fb elementor-widget elementor-widget-text-editor\" data-id=\"59b44fb\" data-element_type=\"widget\" data-e-type=\"widget\" data-widget_type=\"text-editor.default\">\n\t\t\t\t\t\t\t\t\t<p>F\u00e5 hj\u00e6lp til at navigere gennem livskriser og finde nye veje frem.<\/p>\t\t\t\t\t\t\t\t<\/div>\n\t\t\t\t<\/div>\n\t\t<div class=\"elementor-element elementor-element-3474963a e-con-full service-card e-flex e-con e-child\" data-id=\"3474963a\" data-element_type=\"container\" data-e-type=\"container\" data-settings=\"{&quot;background_background&quot;:&quot;classic&quot;}\">\n\t\t\t\t<div class=\"elementor-element elementor-element-5b6423d0 elementor-widget elementor-widget-heading\" data-id=\"5b6423d0\" data-element_type=\"widget\" data-e-type=\"widget\" data-widget_type=\"heading.default\">\n\t\t\t\t\t<span class=\"elementor-heading-title elementor-size-default\">\u25cb<\/span>\t\t\t\t<\/div>\n\t\t\t\t<div class=\"elementor-element elementor-element-72c962e1 elementor-widget elementor-widget-heading\" data-id=\"72c962e1\" data-element_type=\"widget\" data-e-type=\"widget\" data-widget_type=\"heading.default\">\n\t\t\t\t\t<h3 class=\"elementor-heading-title elementor-size-default\">Angst<\/h3>\t\t\t\t<\/div>\n\t\t\t\t<div class=\"elementor-element elementor-element-52b8510d elementor-widget elementor-widget-text-editor\" data-id=\"52b8510d\" data-element_type=\"widget\" data-e-type=\"widget\" data-widget_type=\"text-editor.default\">\n\t\t\t\t\t\t\t\t\t<p>L\u00e6r at forst\u00e5 og h\u00e5ndtere angst, s\u00e5 du kan leve et friere liv.<\/p>\t\t\t\t\t\t\t\t<\/div>\n\t\t\t\t<\/div>\n\t\t<div class=\"elementor-element elementor-element-2f5425e e-con-full service-card e-flex e-con e-child\" data-id=\"2f5425e\" data-element_type=\"container\" data-e-type=\"container\" data-settings=\"{&quot;background_background&quot;:&quot;classic&quot;}\">\n\t\t\t\t<div class=\"elementor-element elementor-element-47c98230 elementor-widget elementor-widget-heading\" data-id=\"47c98230\" data-element_type=\"widget\" data-e-type=\"widget\" data-widget_type=\"heading.default\">\n\t\t\t\t\t<span class=\"elementor-heading-title elementor-size-default\">\u25c7<\/span>\t\t\t\t<\/div>\n\t\t\t\t<div class=\"elementor-element elementor-element-43eb538e elementor-widget elementor-widget-heading\" data-id=\"43eb538e\" data-element_type=\"widget\" data-e-type=\"widget\" data-widget_type=\"heading.default\">\n\t\t\t\t\t<h3 class=\"elementor-heading-title elementor-size-default\">Depression<\/h3>\t\t\t\t<\/div>\n\t\t\t\t<div class=\"elementor-element elementor-element-640550b1 elementor-widget elementor-widget-text-editor\" data-id=\"640550b1\" data-element_type=\"widget\" data-e-type=\"widget\" data-widget_type=\"text-editor.default\">\n\t\t\t\t\t\t\t\t\t<p>Find vej ud af m\u00f8rket med professionel st\u00f8tte og samtaler.<\/p>\t\t\t\t\t\t\t\t<\/div>\n\t\t\t\t<\/div>\n\t\t<div class=\"elementor-element elementor-element-99d97ec e-con-full service-card e-flex e-con e-child\" data-id=\"99d97ec\" data-element_type=\"container\" data-e-type=\"container\" data-settings=\"{&quot;background_background&quot;:&quot;classic&quot;}\">\n\t\t\t\t<div class=\"elementor-element elementor-element-6bf3739a elementor-widget elementor-widget-heading\" data-id=\"6bf3739a\" data-element_type=\"widget\" data-e-type=\"widget\" data-widget_type=\"heading.default\">\n\t\t\t\t\t<span class=\"elementor-heading-title elementor-size-default\">\u25b3<\/span>\t\t\t\t<\/div>\n\t\t\t\t<div class=\"elementor-element elementor-element-2085e4fd elementor-widget elementor-widget-heading\" data-id=\"2085e4fd\" data-element_type=\"widget\" data-e-type=\"widget\" data-widget_type=\"heading.default\">\n\t\t\t\t\t<h3 class=\"elementor-heading-title elementor-size-default\">Stress<\/h3>\t\t\t\t<\/div>\n\t\t\t\t<div class=\"elementor-element elementor-element-4687e426 elementor-widget elementor-widget-text-editor\" data-id=\"4687e426\" data-element_type=\"widget\" data-e-type=\"widget\" data-widget_type=\"text-editor.default\">\n\t\t\t\t\t\t\t\t\t<p>Genfind balancen og l\u00e6r redskaber til at h\u00e5ndtere stress.<\/p>\t\t\t\t\t\t\t\t<\/div>\n\t\t\t\t<\/div>\n\t\t<div class=\"elementor-element elementor-element-55879d2 e-con-full service-card e-flex e-con e-child\" data-id=\"55879d2\" data-element_type=\"container\" data-e-type=\"container\" data-settings=\"{&quot;background_background&quot;:&quot;classic&quot;}\">\n\t\t\t\t<div class=\"elementor-element elementor-element-b8faacc elementor-widget elementor-widget-heading\" data-id=\"b8faacc\" data-element_type=\"widget\" data-e-type=\"widget\" data-widget_type=\"heading.default\">\n\t\t\t\t\t<span class=\"elementor-heading-title elementor-size-default\">\u2609<\/span>\t\t\t\t<\/div>\n\t\t\t\t<div class=\"elementor-element elementor-element-2f966f31 elementor-widget elementor-widget-heading\" data-id=\"2f966f31\" data-element_type=\"widget\" data-e-type=\"widget\" data-widget_type=\"heading.default\">\n\t\t\t\t\t<h3 class=\"elementor-heading-title elementor-size-default\">Selvv\u00e6rd<\/h3>\t\t\t\t<\/div>\n\t\t\t\t<div class=\"elementor-element elementor-element-5fc9b0f5 elementor-widget elementor-widget-text-editor\" data-id=\"5fc9b0f5\" data-element_type=\"widget\" data-e-type=\"widget\" data-widget_type=\"text-editor.default\">\n\t\t\t\t\t\t\t\t\t<p>Styrk dit selvv\u00e6rd og opbyg et sundere forhold til dig selv.<\/p>\t\t\t\t\t\t\t\t<\/div>\n\t\t\t\t<\/div>\n\t\t<div class=\"elementor-element elementor-element-13abb2da e-con-full service-card e-flex e-con e-child\" data-id=\"13abb2da\" data-element_type=\"container\" data-e-type=\"container\" data-settings=\"{&quot;background_background&quot;:&quot;classic&quot;}\">\n\t\t\t\t<div class=\"elementor-element elementor-element-3560d70 elementor-widget elementor-widget-heading\" data-id=\"3560d70\" data-element_type=\"widget\" data-e-type=\"widget\" data-widget_type=\"heading.default\">\n\t\t\t\t\t<span class=\"elementor-heading-title elementor-size-default\">\u221e<\/span>\t\t\t\t<\/div>\n\t\t\t\t<div class=\"elementor-element elementor-element-3d30e08f elementor-widget elementor-widget-heading\" data-id=\"3d30e08f\" data-element_type=\"widget\" data-e-type=\"widget\" data-widget_type=\"heading.default\">\n\t\t\t\t\t<h3 class=\"elementor-heading-title elementor-size-default\">Parforhold<\/h3>\t\t\t\t<\/div>\n\t\t\t\t<div class=\"elementor-element elementor-element-7b08be52 elementor-widget elementor-widget-text-editor\" data-id=\"7b08be52\" data-element_type=\"widget\" data-e-type=\"widget\" data-widget_type=\"text-editor.default\">\n\t\t\t\t\t\t\t\t\t<p>Styrk jeres relation og kommunikation som par.<\/p>\t\t\t\t\t\t\t\t<\/div>\n\t\t\t\t<\/div>\n\t\t\t\t<\/div>\n\t\t\t\t\t<\/div>\n\t\t\t\t<\/div>\n\t\t<div class=\"elementor-element elementor-element-19d371f5 e-flex e-con-boxed e-con e-parent\" data-id=\"19d371f5\" data-element_type=\"container\" data-e-type=\"container\" data-settings=\"{&quot;background_background&quot;:&quot;gradient&quot;}\">\n\t\t\t\t\t<div class=\"e-con-inner\">\n\t\t\t\t<div class=\"elementor-element elementor-element-4778ebda elementor-widget elementor-widget-heading\" data-id=\"4778ebda\" data-element_type=\"widget\" data-e-type=\"widget\" data-widget_type=\"heading.default\">\n\t\t\t\t\t<span class=\"elementor-heading-title elementor-size-default\">\u2713 TILSKUDSORDNING<\/span>\t\t\t\t<\/div>\n\t\t\t\t<div class=\"elementor-element elementor-element-4de1ccc0 elementor-widget elementor-widget-heading\" data-id=\"4de1ccc0\" data-element_type=\"widget\" data-e-type=\"widget\" data-widget_type=\"heading.default\">\n\t\t\t\t\t<h2 class=\"elementor-heading-title elementor-size-default\">Jeg er tilknyttet ydernummerordningen<\/h2>\t\t\t\t<\/div>\n\t\t\t\t<div class=\"elementor-element elementor-element-139eb78f elementor-widget elementor-widget-text-editor\" data-id=\"139eb78f\" data-element_type=\"widget\" data-e-type=\"widget\" data-widget_type=\"text-editor.default\">\n\t\t\t\t\t\t\t\t\t<p style=\"text-align: center;\">Har du en henvisning fra din l\u00e6ge, f\u00e5r du tilskud til betalingen. Kontakt mig for at h\u00f8re mere om mulighederne.<\/p>\t\t\t\t\t\t\t\t<\/div>\n\t\t\t\t\t<\/div>\n\t\t\t\t<\/div>\n\t\t<div class=\"elementor-element elementor-element-c3eaf23 e-flex e-con-boxed e-con e-parent\" data-id=\"c3eaf23\" data-element_type=\"container\" data-e-type=\"container\" data-settings=\"{&quot;background_background&quot;:&quot;classic&quot;}\">\n\t\t\t\t\t<div class=\"e-con-inner\">\n\t\t<div class=\"elementor-element elementor-element-6da08e94 e-con-full e-flex e-con e-child\" data-id=\"6da08e94\" data-element_type=\"container\" data-e-type=\"container\">\n\t\t\t\t<div class=\"elementor-element elementor-element-388b48f0 elementor-widget elementor-widget-heading\" data-id=\"388b48f0\" data-element_type=\"widget\" data-e-type=\"widget\" data-widget_type=\"heading.default\">\n\t\t\t\t\t<span class=\"elementor-heading-title elementor-size-default\">Kontakt<\/span>\t\t\t\t<\/div>\n\t\t\t\t<div class=\"elementor-element elementor-element-128cc324 elementor-widget elementor-widget-heading\" data-id=\"128cc324\" data-element_type=\"widget\" data-e-type=\"widget\" data-widget_type=\"heading.default\">\n\t\t\t\t\t<h2 class=\"elementor-heading-title elementor-size-default\">Tag det f\u00f8rste skridt<\/h2>\t\t\t\t<\/div>\n\t\t\t\t<div class=\"elementor-element elementor-element-3ef069bc elementor-widget elementor-widget-text-editor\" data-id=\"3ef069bc\" data-element_type=\"widget\" data-e-type=\"widget\" data-widget_type=\"text-editor.default\">\n\t\t\t\t\t\t\t\t\t<p>Ring eller skriv for at booke en tid eller h\u00f8re mere om, hvordan jeg kan hj\u00e6lpe dig.<\/p>\t\t\t\t\t\t\t\t<\/div>\n\t\t\t\t<\/div>\n\t\t<div class=\"elementor-element elementor-element-4a5a24ff e-con-full e-flex e-con e-child\" data-id=\"4a5a24ff\" data-element_type=\"container\" data-e-type=\"container\" data-settings=\"{&quot;background_background&quot;:&quot;classic&quot;}\">\n\t\t\t\t<div class=\"elementor-element elementor-element-589a9a51 elementor-widget elementor-widget-heading\" data-id=\"589a9a51\" data-element_type=\"widget\" data-e-type=\"widget\" data-widget_type=\"heading.default\">\n\t\t\t\t\t<span class=\"elementor-heading-title elementor-size-default\">TELEFON<\/span>\t\t\t\t<\/div>\n\t\t\t\t<div class=\"elementor-element elementor-element-7472fcd7 elementor-widget elementor-widget-heading\" data-id=\"7472fcd7\" data-element_type=\"widget\" data-e-type=\"widget\" data-widget_type=\"heading.default\">\n\t\t\t\t\t<p class=\"elementor-heading-title elementor-size-default\"><a href=\"tel:60773093\">60 77 30 93<\/a><\/p>\t\t\t\t<\/div>\n\t\t\t\t<div class=\"elementor-element elementor-element-5572901c elementor-widget elementor-widget-heading\" data-id=\"5572901c\" data-element_type=\"widget\" data-e-type=\"widget\" data-widget_type=\"heading.default\">\n\t\t\t\t\t<span class=\"elementor-heading-title elementor-size-default\">EMAIL<\/span>\t\t\t\t<\/div>\n\t\t\t\t<div class=\"elementor-element elementor-element-3876260e elementor-widget elementor-widget-heading\" data-id=\"3876260e\" data-element_type=\"widget\" data-e-type=\"widget\" data-widget_type=\"heading.default\">\n\t\t\t\t\t<p class=\"elementor-heading-title elementor-size-default\"><a href=\"mailto:nicolasndk@protonmail.com\">nicolasndk@protonmail.com<\/a><\/p>\t\t\t\t<\/div>\n\t\t\t\t<div class=\"elementor-element elementor-element-34055b4e elementor-widget elementor-widget-heading\" data-id=\"34055b4e\" data-element_type=\"widget\" data-e-type=\"widget\" data-widget_type=\"heading.default\">\n\t\t\t\t\t<span class=\"elementor-heading-title elementor-size-default\">ADRESSE<\/span>\t\t\t\t<\/div>\n\t\t\t\t<div class=\"elementor-element elementor-element-e76e246 elementor-widget elementor-widget-text-editor\" data-id=\"e76e246\" data-element_type=\"widget\" data-e-type=\"widget\" data-widget_type=\"text-editor.default\">\n\t\t\t\t\t\t\t\t\t<p>Br\u00f8dregade 2, 2. sal<br>8900 Randers C<\/p>\t\t\t\t\t\t\t\t<\/div>\n\t\t\t\t<\/div>\n\t\t\t\t\t<\/div>\n\t\t\t\t<\/div>\n\t\t\t\t<\/div>\n\t\t","protected":false},"excerpt":{"rendered":"<p>Psykolog i Randers Et trygt rum tilrefleksion og forandring Indimellem sl\u00e5r livet en kolb\u00f8tte, og vi st\u00e5r over for forandringer, som vi ikke ved hvordan vi skal gribe an. Jeg tilbyder et fortroligt rum, hvor vi sammen kan finde den vej fremad, som passer til dig. Ring 60 77 30 93 Skriv en e-mail Nicolas [&hellip;]<\/p>\n","protected":false},"author":1,"featured_media":0,"parent":0,"menu_order":0,"comment_status":"closed","ping_status":"closed","template":"","meta":{"footnotes":""},"class_list":["post-60","page","type-page","status-publish","hentry"],"_links":{"self":[{"href":"https:\/\/terapiranders.dk\/index.php\/wp-json\/wp\/v2\/pages\/60","targetHints":{"allow":["GET"]}}],"collection":[{"href":"https:\/\/terapiranders.dk\/index.php\/wp-json\/wp\/v2\/pages"}],"about":[{"href":"https:\/\/terapiranders.dk\/index.php\/wp-json\/wp\/v2\/types\/page"}],"author":[{"embeddable":true,"href":"https:\/\/terapiranders.dk\/index.php\/wp-json\/wp\/v2\/users\/1"}],"replies":[{"embeddable":true,"href":"https:\/\/terapiranders.dk\/index.php\/wp-json\/wp\/v2\/comments?post=60"}],"version-history":[{"count":17,"href":"https:\/\/terapiranders.dk\/index.php\/wp-json\/wp\/v2\/pages\/60\/revisions"}],"predecessor-version":[{"id":219,"href":"https:\/\/terapiranders.dk\/index.php\/wp-json\/wp\/v2\/pages\/60\/revisions\/219"}],"wp:attachment":[{"href":"https:\/\/terapiranders.dk\/index.php\/wp-json\/wp\/v2\/media?parent=60"}],"curies":[{"name":"wp","href":"https:\/\/api.w.org\/{rel}","templated":true}]}}