{"id":3,"date":"2026-01-06T23:01:10","date_gmt":"2026-01-06T23:01:10","guid":{"rendered":"https:\/\/terapiranders.dk\/?page_id=3"},"modified":"2026-01-22T13:59:39","modified_gmt":"2026-01-22T13:59:39","slug":"privacy-policy","status":"publish","type":"page","link":"https:\/\/terapiranders.dk\/index.php\/privacy-policy\/","title":{"rendered":"Privacy Policy"},"content":{"rendered":"\t\t<div data-elementor-type=\"wp-page\" data-elementor-id=\"3\" class=\"elementor elementor-3\" data-elementor-post-type=\"page\">\n\t\t\t\t<div class=\"elementor-element elementor-element-71694367 e-flex e-con-boxed e-con e-parent\" data-id=\"71694367\" data-element_type=\"container\" data-e-type=\"container\">\n\t\t\t\t\t<div class=\"e-con-inner\">\n\t\t\t\t<div class=\"elementor-element elementor-element-47b99df0 elementor-widget elementor-widget-text-editor\" data-id=\"47b99df0\" data-element_type=\"widget\" data-e-type=\"widget\" data-widget_type=\"text-editor.default\">\n\t\t\t\t\t\t\t\t\t<p><\/p>\n<p>PRIVATLIVSPOLITIK<\/p>\n<p>Orientering om privatlivspolitik \u2013 klienter<\/p>\n<p>Dataansvarlig:<\/p>\n<p>Psykolog Nicolas Hauge Nielsen<\/p>\n<p>CVR:.\u00a031658721<\/p>\n<p>Br\u00f8dregade 2,2.<\/p>\n<p>8900 Randers C<\/p>\n<p>Mob. Tlf.\u00a0 <a href=\"tel:+4560 77 30 93\" target=\"_blank\" rel=\"noopener\">60 77 30 93<\/a><\/p>\n<p>Mail: <a href=\"mailto:nicolasndk@protonmail.com\" target=\"_blank\" rel=\"noopener\">nicolasndk@protonmail.com<\/a><\/p>\n<p>Behandling af dine oplysninger<\/p>\n<p>Indholdet her omhandler information om bla. dataforordningsloven som tr\u00e5dte i kraft pr. 25.05.18 i hele EU og s\u00e5ledes ogs\u00e5 her i Danmark. Det betyder sk\u00e6rpede forholdsregler for alle virksomheder som h\u00e5ndterer personf\u00f8lsomme oplysninger. Alle bliver underlagt Datatilsynets forordninger og tilsyn. Du ejer dine personlige oplysninger og skal give dit samtykke til hvem og hvad det skal bruge til. Du bliver bedt om at udfylde en samtykkeerkl\u00e6ring ved vores f\u00f8rste m\u00f8de og f\u00e5r information om hvordan dine data bliver h\u00e5ndteret hos mig.<br \/>Jeg har indhentet databehandleraftaler med mine samarbejdspartnere, som sikrer, at dine data bliver h\u00e5ndteret sikker.<\/p>\n<p>Jeg er i forbindelse med psykologisk behandling af dig, er jeg som dataansvarlig forpligtet til at indsamle og behandle en r\u00e6kke personoplysninger om dig, jf. Psykologloven og Bekendtg\u00f8relse om ordnede optegnelser for psykologer.<\/p>\n<p>Jeg kan dog ikke garantere 100% sikkerhed ved dataoverf\u00f8rsler via internettet. Det betyder, at der kan v\u00e6re en lille risiko for, at andre uberettiget tiltvinger sig adgang til oplysninger, n\u00e5r data sendes og opbevares elektronisk. Du afgiver s\u00e5ledes dine personlige oplysninger frivilligt og p\u00e5 eget ansvar.<\/p>\n<p>Denne privatlivspolitik beskriver, hvordan jeg i den forbindelse, bruger og i nogle tilf\u00e6lde videregiver dine personoplysninger.<\/p>\n<p>Tavshedspligt og opbevaring af dine oplysninger.<\/p>\n<p>Jeg skriver journal,\u00a0det er lovpligtigt.\u00a0Det vil sige at jeg skriver noter om fx dine sociale forhold og dit helbred. Form\u00e5let er at give dig en god og relevant behandling.<\/p>\n<p>Jeg kan modtage oplysninger om dig\u00a0fra din l\u00e6ge og andre, hvis du har givet dit samtykke til at de sender oplysningerne til mig.<\/p>\n<p>Jeg har tavshedspligt\u00a0og det er kun mig der har adgang til din journal.<\/p>\n<p>Jeg kan give oplysninger videre\u00a0til din l\u00e6ge og andre, hvis du har givet dit samtykke til det.<\/p>\n<p>Jeg sender\u00a0n\u00f8dvendige regningsinformationer til betalere, hvis nogen (Sygesikringen, Forsikringen, Kommunen, \u201dSygeforsikringen Danmark\u201d) betaler dine samtaler helt eller delvist.<\/p>\n<p>Jeg giver\u00a0n\u00f8dvendige regningsinformationer\u00a0til min revisor, s\u00e5 jeg kan f\u00e5 lavet \u00e5rsregnskab. Min Revisor har tavshedspligt.<\/p>\n<p>Jeg passer godt p\u00e5 dine data. Din journal bliver opbevaret\u00a0i mit arkiv under l\u00e5s, eller i et lukket og sikkerhedsgodkendt EDB-journalsystem, jeg anvender systemet Equus (som er ejet af CompuGroup Medical Denmark A\/S. Equus er godkendt efter MEDCOM standarter.) Jeg gemmer dine oplysninger i 5 \u00e5r, i s\u00e6rlige tilf\u00e6lde l\u00e6ngere.<\/p>\n<p>Din journal bliver tilintetgjort\u00a05 \u00e5r efter du sidst har v\u00e6ret her, i s\u00e6rlige tilf\u00e6lde senere.<\/p>\n<p>Oplysnings- og underretningspligt:<\/p>\n<p>Jeg har pligt til at bryde min tavshedspligt,\u00a0hvis der er alvorlig risiko for at du eller andre kommer til skade.<\/p>\n<p>Jeg har pligt til at underrette kommunen, hvis jeg er bekymret for at et barns trivsel og udvikling.<\/p>\n<p>Dine rettigheder vedr\u00f8rende oplysningerne:<\/p>\n<p>Du har ret til at f\u00e5 at vide hvad der st\u00e5r i din journal.\u00a0Kontakt mig hvis du vil have en kopi.<\/p>\n<p>Den kan udleveres til dig ved personligt fremm\u00f8de og underskrift.<\/p>\n<p>Journaler udleveres ikke til 3. part.<\/p>\n<p>Man m\u00e5 ikke slette i en journal,\u00a0men hvis noget er forkert, kan vi tilf\u00f8je en rettelse. Vi kan rette og slette i alt andet end journalen, hvis der er fejl.<\/p>\n<p>Hvis du er utilfreds\u00a0med hvordan jeg h\u00e5ndterer dine oplysninger, s\u00e5 sig det til mig, s\u00e5 finder vi en l\u00f8sning. Hvis du stadig er utilfreds, kan du klage til Datatilsynet.<\/p>\n<p>Hvis du vil klage\u00a0over mig. Psykologn\u00e6vnet behandler klager over autoriserede psykologer.<\/p>\n<p>Utilsigtede h\u00e6ndelser<\/p>\n<p>Har du oplevet, at noget er g\u00e5et galt i forbindelse med din eller din p\u00e5r\u00f8rendes behandling?<\/p>\n<p>Hj\u00e6lp os med at l\u00e6re af vores fejl, s\u00e5 det samme ikke sker for andre.<\/p>\n<p>L\u00e6s mere om utilsigtede h\u00e6ndelser, og hvordan du kan beskrive dem i linket nedenfor.<\/p>\n<p><a href=\"https:\/\/stps.dk\/da\/laering\/utilsigtede-haendelser\/~\/media\/9284721F392C4A4FBE738BA50F013C4E.ashx\">Folder om utilsigtede h\u00e6ndelser<\/a><\/p>\n<p>LOVE OG REGLER:<\/p>\n<p>Om journaler:<br \/>Autorisationslovens kapitel 6, og Journalbekendtg\u00f8relsen (bkg. nr. 1090 af 28. juli 2016 om 1090 om autoriserede sundhedspersoners patientjournaler).<\/p>\n<p>Psykologlovens \u00a714 samt bekendtg\u00f8relse om behandling af personoplysninger nr. 567 af 19. maj 2017 om autoriserede psykologers pligt til at f\u00f8re ordnede optegnelser.<\/p>\n<p>Om samtykke til registrering af data:<br \/>Databeskyttelsesforordningens art. 6, stk. 1, litra b og f [indtil 25. maj 2018: persondatalovens \u00a7 6, stk. 1, nr. 2 og nr. 7].<\/p>\n<p>Om pligt til at underrette om fare:<\/p>\n<p>Sundhedsloven paragraf 41. Sundhedsloven kapitel 9, paragraf 41-48.<\/p>\n<p>Om behandling af personoplysninger:<\/p>\n<p>EUs Persondataforordning, artikel 6 og 7.<\/p>\n<p>Om sk\u00e6rpet underretningspligt, n\u00e5r det g\u00e6lder b\u00f8rn og unges trivsel:<\/p>\n<p>Serviceloven paragraf 153.<\/p>\n<p>Om at klage over min behandling af dine oplysninger:<br \/>Datatilsynet, Borgergade 28, 5. sal, 1300 K\u00f8benhavn K.\u00a0<a href=\"http:\/\/www.datatilsynet.dk\/\">www.datatilsynet.dk<\/a><\/p>\n<p>Lovgivning opdateres l\u00f8bende, og der kan ske \u00e6ndringer. Anden relevant lovgivning kan g\u00e6lde ud over ovenn\u00e6vnte.<\/p>\n<p>Kontakt<\/p>\n<p>Hvis du har sp\u00f8rgsm\u00e5l vedr\u00f8rende behandlingen af dine personoplysninger eller udnyttelsen af dine rettigheder, er du velkommen til at kontakte mig p\u00e5 telefonummer 60773093.<\/p>\n<p>Privatlivspolitik og databehandling for Psykolog Nicolas Hauge Nielsen<\/p>\n<p>Hvad er \u201cdata\u201d?<\/p>\n<p>\u201cData\u201d er en samlet betegnelse for alt mulig forskellig slags information. Det kan v\u00e6re alt fra sk\u00e6rmopl\u00f8sningen p\u00e5 din computer, n\u00e5r du bes\u00f8ger en hjemmeside, til personf\u00f8lsomme beskrivelser af din opv\u00e6kst og dine inderste tanker i journalf\u00f8ringen. \u201cData\u201d d\u00e6kker alts\u00e5 over meget forskelligt, s\u00e5 det er en god id\u00e9 at vide lidt om, hvordan netop dine data bliver h\u00e5ndteret, n\u00e5r du g\u00f8r brug af Psykolog Nicolas Hauge Nielsen.<\/p>\n<p>Behandling af dine oplysninger<\/p>\n<p>For at kunne tilbyde kvalificerede psykologiske ydelser har vi brug for information og data fra brugerne af Psykolog Nicolas Hauge Nielsen. Som dataansvarlig virksomhed er jeg bl.a. forpligtet til at indsamle og behandle en r\u00e6kke personoplysninger om dig, jf. Psykologloven og Bekendtg\u00f8relse om ordnede optegnelser for psykologer.<\/p>\n<p>Denne privatlivspolitik beskriver, hvordan vi i den forbindelse, bruger og i nogle tilf\u00e6lde videregiver dine personoplysninger.<\/p>\n<p>Typer af oplysninger<\/p>\n<p>Psykologen indsamler og behandler f\u00f8lgende typer af personoplysninger om dig (i det omfang det er relevant for netop din sag):<\/p>\n<p>Almindelige kategorier af personoplysninger:<\/p>\n<ul>\n<li aria-level=\"1\">Navn, adresse, evt. e-mailadresse, telefonnr., personnummer, k\u00f8n, familierelationer og sociale relationer, arbejdsrelationer og uddannelse.<\/li>\n<\/ul>\n<p>S\u00e6rlige kategorier af personoplysninger (\u201df\u00f8lsomme personoplysninger\u201d):<\/p>\n<ul>\n<li aria-level=\"1\">Helbredsoplysninger.<\/li>\n<li aria-level=\"1\">Oplysninger om din psykiske tilstand og reaktioner af relevans for din behandling.<\/li>\n<li aria-level=\"1\">Historik af med henblik p\u00e5 forst\u00e5else for de forhold, du \u00f8nsker hj\u00e6lp til.<\/li>\n<li aria-level=\"1\">\u00a0<\/li>\n<\/ul>\n<p>Form\u00e5l<\/p>\n<p>Vi behandler dine personoplysninger til f\u00f8lgende form\u00e5l:<\/p>\n<ul>\n<li aria-level=\"1\">Vores samtaleterapeutiske behandling af dig.<\/li>\n<li aria-level=\"1\">Udarbejdelse af rapporter og attester til brug for myndigheder, forsikringsselskaber mv.<\/li>\n<li aria-level=\"1\">Kommunikation med andre sundhedspersoner, kommuner, l\u00e6ger eller sygehuse, n\u00e5r dette er relevant for din behandling eller sag.<\/li>\n<li aria-level=\"1\">Afregningsform\u00e5l og almindelig revision.<\/li>\n<li aria-level=\"1\">Indberetning til kliniske kvalitetsdatabaser.<\/li>\n<li aria-level=\"1\">Overholdelse af vores forpligtelser i henhold til g\u00e6ldende lovgivning, herunder EU\u2019s databeskyttelsesforordning, databeskyttelsesloven og anden relevant sundhedsretlig lovgivning, f.eks.\n<ul>\n<li aria-level=\"2\">Dokumentationspligt.<\/li>\n<li aria-level=\"2\">Overholdelse af basale principper for behandling af personoplysninger og juridisk hjemmel for behandlingen.<\/li>\n<li aria-level=\"2\">Iv\u00e6rks\u00e6ttelse og vedligeholdelse af tekniske og organisatoriske sikkerhedsforanstaltninger, herunder men ikke begr\u00e6nset til at hindre uautoriseret adgang til systemer og oplysninger, hindre modtagelse eller distribution af ondsindet kode, standsning af overbelastningsangreb (denial-of-service-angreb) og beskadigelser af computersystemer og elektroniske kommunikationssystemer.<\/li>\n<li aria-level=\"2\">Unders\u00f8gelse af mistanke eller viden om sikkerhedsbrud og rapportering til individer og myndigheder.<\/li>\n<li aria-level=\"2\">H\u00e5ndtering af foresp\u00f8rgsler og klager fra registrerede og andre.<\/li>\n<li aria-level=\"2\">H\u00e5ndtering af inspektioner og foresp\u00f8rgsler fra tilsynsmyndigheder.<\/li>\n<li aria-level=\"2\">H\u00e5ndtering af tvister med registrerede og tredjeparter.<\/li>\n<li aria-level=\"2\">\u00a0<\/li>\n<\/ul>\n<\/li>\n<\/ul>\n<p>Frivillighed<\/p>\n<p>N\u00e5r vi indsamler personoplysninger direkte fra dig, giver du personoplysningerne frivilligt. Du er ikke forpligtet til at give disse personoplysninger til os. Konsekvensen af ikke at give os personoplysningerne vil v\u00e6re, at vi ikke kan varetage form\u00e5lene ovenfor, herunder at vi ikke vil kunne behandle dig. Dine data er derfor vigtige, for at vi kan hj\u00e6lpe p\u00e5 et s\u00e5 retvisende grundlag som muligt. Dette sikrer kvalitet i arbejde og udbytte for brugerne af Psykologcenter Limfjorden.<\/p>\n<p>Videregivelse af personoplysninger<\/p>\n<p>Som psykologer er vi forpligtet til at overholde tavshedspligten. Dette indeb\u00e6rer, at du trygt kan arbejde med de private forhold, som kan v\u00e6re sv\u00e6re at dele med andre. Hvis du eller andre er i fare, er vi imidlertid forpligtet til at tage aff\u00e6re for at undg\u00e5, at du eller andre kommer til skade eller lider overlast. Dette g\u00e6lder ogs\u00e5 dine b\u00f8rn, som vi alle er ansvarlige for at passe p\u00e5 og v\u00e6rne om.<\/p>\n<p>I det omfang det er n\u00f8dvendigt for den konkrete behandling af dig, kan dine personoplysninger blive videregivet og delt med f\u00f8lgende modtagere:<\/p>\n<ul>\n<li aria-level=\"1\">Der videregives oplysninger til andre sundhedspersoner, hvis det er n\u00f8dvendigt af hensyn til et aktuelt behandlingsforl\u00f8b.<\/li>\n<li aria-level=\"1\">I forbindelse med psykologiske unders\u00f8gelser, videregives samlede rapporter p\u00e5 baggrund af test, samtaler og observationer til de myndigheder, du allerede indg\u00e5r i samarbejde med.<\/li>\n<li aria-level=\"1\">Du har som patient altid adgang til dine egne oplysninger (indsigtsret).<\/li>\n<li aria-level=\"1\">Der videregives oplysninger til RKKP (kliniske kvalitetsdatabaser), Styrelsen for Patientsikkerhed, Psykologn\u00e6vnet, Arbejdsmarkedets Erhvervssikring, i det omfang, at der foreligger en pligt hertil if\u00f8lge g\u00e6ldende lovgivning.<\/li>\n<li aria-level=\"1\">Ved indberetning af oplysninger i forbindelse med afregning for patientbehandling videregives oplysninger til de regionale afregningskontorer.<\/li>\n<li aria-level=\"1\">I andre tilf\u00e6lde, og s\u00e5fremt der foreligger samtykke fra dig, videregive kan oplysninger til forsikringsselskaber, uddannelsesinstitutioner eller lignende.<\/li>\n<li aria-level=\"1\">\u00a0<\/li>\n<\/ul>\n<p>Det juridiske grundlag for at indsamle, behandle og videregive dine personoplysninger er:<\/p>\n<ul>\n<li aria-level=\"1\">Til brug for den almindelige patientbehandling indsamles, behandles og videregives almindelige personoplysninger i medf\u00f8r af databeskyttelsesforordningens artikel 6(1)(c) og (d), mens de f\u00f8lsomme personoplysninger indsamles, behandles og videregives i medf\u00f8r af databeskyttelsesforordningens artikel 9(2)(c) og (h).<\/li>\n<li aria-level=\"1\">Herudover er vi forpligtet til at behandle en r\u00e6kke personoplysninger om dig ved den almindelige patientbehandling i medf\u00f8r af Psykologloven samt Bekendtg\u00f8relse om psykologers pligt til at f\u00f8re ordnede optegnelser f.eks. journalf\u00f8ring.<\/li>\n<li aria-level=\"1\">Dine personoplysninger videregives alene til forsikringsselskaber med dit forudg\u00e5ende samtykke, jf. databeskyttelsesforordningens artikel 6(1)(a) og 9(2)(a).<\/li>\n<li aria-level=\"1\">\u00a0<\/li>\n<\/ul>\n<p>Tilbagekaldelse af samtykke<\/p>\n<p>Hvis behandlingen af dine personoplysninger er baseret p\u00e5 samtykke, har du ret til at tilbagekalde samtykket. Hvis du tilbagekalder samtykket, p\u00e5virker det ikke behandlingen forud for tilbagekaldelse af samtykket, herunder en videregivelse baseret p\u00e5 samtykke.<\/p>\n<p>Brug af databehandlere<\/p>\n<p>Dine personoplysninger behandles og opbevares hos vores databehandlere, som opbevarer dem p\u00e5 vegne af og efter instruks fra mig. Mine databehandlere er p.t.<\/p>\n<ul>\n<li aria-level=\"1\">Danske Regioner<\/li>\n<li aria-level=\"1\">Equus (CGM)<\/li>\n<li aria-level=\"1\">Min revisior<\/li>\n<\/ul>\n<p>Opbevaring og slettepolitik<\/p>\n<p>VI opbevarer personoplysninger om dig, s\u00e5 l\u00e6nge vi har behov for at varetage de overfor angivne form\u00e5l. Vi har dog i henhold til journalf\u00f8ringsbekendtg\u00f8relsen \u00a7 15 pligt til at opbevare disse i minimum 5 \u00e5r efter seneste tilf\u00f8rsel til journalen. Der kan opst\u00e5 tilf\u00e6lde hvor vi er n\u00f8dsaget til at opbevare dine personoplysninger i l\u00e6ngere tid, f.eks. i forbindelse med en erstatningssag, hvor oplysninger i s\u00e5 fald vil blive opbevaret, indtil sagen er endeligt afsluttet.<\/p>\n<p>Dine rettigheder<\/p>\n<p>Du har \u2013 med lovens begr\u00e6nsninger \u2013 visse rettigheder, herunder retten til indsigt i personoplysninger, retten til at f\u00e5 \u00e6ndret ukorrekte oplysninger, retten til at f\u00e5 slettet oplysninger, retten til at f\u00e5 begr\u00e6nset oplysninger, retten til dataportabilitet, retten til at g\u00f8re indsigelse mod behandlingen af personoplysningerne, herunder ift. automatiseret, individuel beslutningstagning (\u201dprofilering\u201d).<\/p>\n<p>I forhold til sletning er denne rettighed dog modificeret af Bekendtg\u00f8relse om psykologers pligt at f\u00f8re ordner optegnelse, som bestemmer, at der ikke m\u00e5 ske sletning i patientjournaler, men alene rettelse, tilf\u00f8jelse.<\/p>\n<p>Du har ogs\u00e5 ret til at klage til en kompetent tilsynsmyndighed, herunder Datatilsynet.<\/p>\t\t\t\t\t\t\t\t<\/div>\n\t\t\t\t\t<\/div>\n\t\t\t\t<\/div>\n\t\t\t\t<\/div>\n\t\t","protected":false},"excerpt":{"rendered":"<p>PRIVATLIVSPOLITIK Orientering om privatlivspolitik \u2013 klienter Dataansvarlig: Psykolog Nicolas Hauge Nielsen CVR:.\u00a031658721 Br\u00f8dregade 2,2. 8900 Randers C Mob. Tlf.\u00a0 60 77 30 93 Mail: nicolasndk@protonmail.com Behandling af dine oplysninger Indholdet her omhandler information om bla. dataforordningsloven som tr\u00e5dte i kraft pr. 25.05.18 i hele EU og s\u00e5ledes ogs\u00e5 her i Danmark. Det betyder sk\u00e6rpede forholdsregler [&hellip;]<\/p>\n","protected":false},"author":1,"featured_media":0,"parent":0,"menu_order":0,"comment_status":"closed","ping_status":"open","template":"","meta":{"footnotes":""},"class_list":["post-3","page","type-page","status-publish","hentry"],"_links":{"self":[{"href":"https:\/\/terapiranders.dk\/index.php\/wp-json\/wp\/v2\/pages\/3","targetHints":{"allow":["GET"]}}],"collection":[{"href":"https:\/\/terapiranders.dk\/index.php\/wp-json\/wp\/v2\/pages"}],"about":[{"href":"https:\/\/terapiranders.dk\/index.php\/wp-json\/wp\/v2\/types\/page"}],"author":[{"embeddable":true,"href":"https:\/\/terapiranders.dk\/index.php\/wp-json\/wp\/v2\/users\/1"}],"replies":[{"embeddable":true,"href":"https:\/\/terapiranders.dk\/index.php\/wp-json\/wp\/v2\/comments?post=3"}],"version-history":[{"count":6,"href":"https:\/\/terapiranders.dk\/index.php\/wp-json\/wp\/v2\/pages\/3\/revisions"}],"predecessor-version":[{"id":209,"href":"https:\/\/terapiranders.dk\/index.php\/wp-json\/wp\/v2\/pages\/3\/revisions\/209"}],"wp:attachment":[{"href":"https:\/\/terapiranders.dk\/index.php\/wp-json\/wp\/v2\/media?parent=3"}],"curies":[{"name":"wp","href":"https:\/\/api.w.org\/{rel}","templated":true}]}}